{"id":949,"date":"2025-12-10T18:11:43","date_gmt":"2025-12-10T17:11:43","guid":{"rendered":"https:\/\/lacantinasitges.com\/politica-de-cookies\/"},"modified":"2026-03-12T12:22:58","modified_gmt":"2026-03-12T11:22:58","slug":"politica-de-cookies","status":"publish","type":"page","link":"https:\/\/lacantinasitges.com\/ca\/politica-de-cookies\/","title":{"rendered":"Pol\u00edtica de cookies"},"content":{"rendered":"\t\t<div data-elementor-type=\"wp-page\" data-elementor-id=\"949\" class=\"elementor elementor-949 elementor-395\" data-elementor-post-type=\"page\">\n\t\t\t\t<div class=\"elementor-element elementor-element-3b5672d e-flex e-con-boxed e-con e-parent\" data-id=\"3b5672d\" data-element_type=\"container\" data-settings=\"{&quot;background_background&quot;:&quot;slideshow&quot;,&quot;background_slideshow_gallery&quot;:[{&quot;id&quot;:880,&quot;url&quot;:&quot;https:\\\/\\\/lacantinasitges.com\\\/wp-content\\\/uploads\\\/2025\\\/12\\\/bg_la-cantina_1.jpg&quot;},{&quot;id&quot;:881,&quot;url&quot;:&quot;https:\\\/\\\/lacantinasitges.com\\\/wp-content\\\/uploads\\\/2025\\\/12\\\/bg_la-cantina_2.jpg&quot;},{&quot;id&quot;:882,&quot;url&quot;:&quot;https:\\\/\\\/lacantinasitges.com\\\/wp-content\\\/uploads\\\/2025\\\/12\\\/bg_la-cantina_3.jpg&quot;},{&quot;id&quot;:884,&quot;url&quot;:&quot;https:\\\/\\\/lacantinasitges.com\\\/wp-content\\\/uploads\\\/2025\\\/12\\\/bg_la-cantina_5.jpg&quot;},{&quot;id&quot;:885,&quot;url&quot;:&quot;https:\\\/\\\/lacantinasitges.com\\\/wp-content\\\/uploads\\\/2025\\\/12\\\/bg_la-cantina_6.jpg&quot;}],&quot;background_slideshow_ken_burns&quot;:&quot;yes&quot;,&quot;background_slideshow_loop&quot;:&quot;yes&quot;,&quot;background_slideshow_slide_duration&quot;:5000,&quot;background_slideshow_slide_transition&quot;:&quot;fade&quot;,&quot;background_slideshow_transition_duration&quot;:500,&quot;background_slideshow_ken_burns_zoom_direction&quot;:&quot;in&quot;}\">\n\t\t\t\t\t<div class=\"e-con-inner\">\n\t\t\t\t<div class=\"elementor-element elementor-element-2d516ec elementor-widget elementor-widget-heading\" data-id=\"2d516ec\" data-element_type=\"widget\" data-widget_type=\"heading.default\">\n\t\t\t\t\t<h1 class=\"elementor-heading-title elementor-size-default\">Pol\u00edtica de cookies<\/h1>\t\t\t\t<\/div>\n\t\t\t\t\t<\/div>\n\t\t\t\t<\/div>\n\t\t<div class=\"elementor-element elementor-element-c0f9d42 e-flex e-con-boxed e-con e-parent\" data-id=\"c0f9d42\" data-element_type=\"container\">\n\t\t\t\t\t<div class=\"e-con-inner\">\n\t\t\t\t<div class=\"elementor-element elementor-element-bb54c70 elementor-widget__width-initial elementor-widget elementor-widget-text-editor\" data-id=\"bb54c70\" data-element_type=\"widget\" data-widget_type=\"text-editor.default\">\n\t\t\t\t\t\t\t\t\t<h4 data-start=\"207\" data-end=\"229\">Informaci\u00f3 general<\/h4><p data-start=\"231\" data-end=\"537\">A causa de l\u2019entrada en vigor de la modificaci\u00f3 de la Llei de serveis de la societat de la informaci\u00f3 i del comer\u00e7 electr\u00f2nic (LSSICE), introdu\u00efda pel Reial decret 13\/2012, \u00e9s obligatori obtenir el consentiment expr\u00e9s de l\u2019usuari abans que navegui per aquells llocs web que utilitzen cookies prescindibles.<\/p><p data-start=\"539\" data-end=\"724\">Aquest lloc web utilitza cookies pr\u00f2pies i de tercers per garantir el correcte funcionament del lloc, millorar l\u2019experi\u00e8ncia de navegaci\u00f3 de l\u2019usuari i analitzar l\u2019\u00fas que es fa del web.<\/p><h4 data-start=\"726\" data-end=\"750\">Qu\u00e8 s\u00f3n les cookies?<\/h4><p data-start=\"752\" data-end=\"1014\">Les cookies i altres tecnologies similars, com ara local shared objects, flash cookies o p\u00edxels, s\u00f3n eines utilitzades pels servidors web per emmagatzemar i recuperar informaci\u00f3 sobre els seus visitants, aix\u00ed com per oferir un correcte funcionament del lloc web.<\/p><p data-start=\"1016\" data-end=\"1284\">Mitjan\u00e7ant l\u2019\u00fas d\u2019aquestes eines, el servidor web pot recordar determinades dades relacionades amb l\u2019usuari, com ara les seves prefer\u00e8ncies de visualitzaci\u00f3, l\u2019idioma seleccionat, el nom d\u2019usuari i la contrasenya, o els continguts que li han resultat m\u00e9s interessants.<\/p><h4 data-start=\"1286\" data-end=\"1343\">Cookies afectades per la normativa i cookies exemptes<\/h4><p data-start=\"1345\" data-end=\"1523\">D\u2019acord amb la normativa europea, les cookies que requereixen el consentiment informat de l\u2019usuari s\u00f3n les cookies d\u2019an\u00e0lisi, les cookies publicit\u00e0ries i les cookies d\u2019afiliaci\u00f3.<\/p><p data-start=\"1525\" data-end=\"1732\">Queden exemptes d\u2019aquesta obligaci\u00f3 les cookies de car\u00e0cter t\u00e8cnic i aquelles estrictament necess\u00e0ries per al funcionament del lloc web o per a la prestaci\u00f3 de serveis expressament sol\u00b7licitats per l\u2019usuari.<\/p><h4 data-start=\"1734\" data-end=\"1769\">Tipus de cookies que existeixen<\/h4><p data-start=\"1771\" data-end=\"1797\"><em>Segons la titularitat<\/em><\/p><p data-start=\"1799\" data-end=\"1993\"><strong data-start=\"1799\" data-end=\"1818\">Cookies pr\u00f2pies<\/strong><br data-start=\"1818\" data-end=\"1821\" \/>S\u00f3n aquelles que s\u2019envien al dispositiu terminal de l\u2019usuari des d\u2019un equip o domini gestionat pel propi editor i des del qual es presta el servei sol\u00b7licitat per l\u2019usuari.<\/p><p data-start=\"1995\" data-end=\"2222\"><strong data-start=\"1995\" data-end=\"2017\">Cookies de tercers<\/strong><br data-start=\"2017\" data-end=\"2020\" \/>S\u00f3n aquelles que s\u2019envien al dispositiu terminal de l\u2019usuari des d\u2019un equip o domini que no \u00e9s gestionat per l\u2019editor, sin\u00f3 per una altra entitat que tracta les dades obtingudes a trav\u00e9s de les cookies.<\/p><p data-start=\"2224\" data-end=\"2245\"><em>Segons la durada<\/em><\/p><p data-start=\"2247\" data-end=\"2437\"><strong data-start=\"2247\" data-end=\"2268\">Cookies de sessi\u00f3<\/strong><br data-start=\"2268\" data-end=\"2271\" \/>S\u00f3n un tipus de cookies dissenyades per recollir i emmagatzemar dades mentre l\u2019usuari accedeix a una p\u00e0gina web. Aquestes cookies desapareixen en tancar el navegador.<\/p><p data-start=\"2439\" data-end=\"2695\"><strong data-start=\"2439\" data-end=\"2462\">Cookies persistents<\/strong><br data-start=\"2462\" data-end=\"2465\" \/>S\u00f3n cookies en les quals les dades continuen emmagatzemades al dispositiu de l\u2019usuari i poden ser accedides i tractades durant un per\u00edode determinat pel responsable de la cookie, que pot anar des d\u2019uns minuts fins a diversos anys.<\/p><p data-start=\"2697\" data-end=\"2725\"><em>Segons la funcionalitat<\/em><\/p><p data-start=\"2727\" data-end=\"3001\"><strong data-start=\"2727\" data-end=\"2762\">Cookies necess\u00e0ries o t\u00e8cniques<\/strong><br data-start=\"2762\" data-end=\"2765\" \/>S\u00f3n imprescindibles per al correcte funcionament del lloc web i per permetre la navegaci\u00f3 de l\u2019usuari. No recullen dades personals i nom\u00e9s emmagatzemen informaci\u00f3 com ara la prefer\u00e8ncia d\u2019idioma o l\u2019acceptaci\u00f3 de la pol\u00edtica de cookies.<\/p><p data-start=\"3003\" data-end=\"3318\"><strong data-start=\"3003\" data-end=\"3024\">Cookies d\u2019an\u00e0lisi<\/strong><br data-start=\"3024\" data-end=\"3027\" \/>S\u00f3n aquelles que, tractades per nosaltres o per tercers, permeten quantificar el nombre d\u2019usuaris i realitzar la mesura i l\u2019an\u00e0lisi estad\u00edstica de l\u2019\u00fas que fan els usuaris del lloc web. La informaci\u00f3 recollida s\u2019utilitza per millorar els continguts, els serveis i l\u2019experi\u00e8ncia de navegaci\u00f3.<\/p><p data-start=\"3320\" data-end=\"3574\"><strong data-start=\"3320\" data-end=\"3361\">Cookies publicit\u00e0ries o de m\u00e0rqueting<\/strong><br data-start=\"3361\" data-end=\"3364\" \/>Permeten la gesti\u00f3, de la manera m\u00e9s efica\u00e7 possible, dels espais publicitaris que l\u2019editor hagi incl\u00f2s al lloc web, en funci\u00f3 de criteris com el contingut editat o la freq\u00fc\u00e8ncia amb qu\u00e8 es mostren els anuncis.<\/p><p data-start=\"3576\" data-end=\"3911\"><strong data-start=\"3576\" data-end=\"3643\">Cookies de publicitat comportamental o m\u00e0rqueting personalitzat<\/strong><br data-start=\"3643\" data-end=\"3646\" \/>Aquestes cookies emmagatzemen informaci\u00f3 del comportament dels usuaris obtinguda a trav\u00e9s de l\u2019observaci\u00f3 continuada dels seus h\u00e0bits de navegaci\u00f3. Aix\u00f2 permet elaborar un perfil espec\u00edfic per mostrar publicitat personalitzada en funci\u00f3 dels interessos de l\u2019usuari.<\/p><p data-start=\"3913\" data-end=\"4372\">Aix\u00ed mateix, \u00e9s possible que en visitar una p\u00e0gina web o en obrir un correu electr\u00f2nic on aparegui algun anunci o promoci\u00f3 dels nostres productes o serveis s\u2019instal\u00b7li alguna cookie al navegador de l\u2019usuari. Aquesta cookie permet mostrar posteriorment publicitat relacionada amb la cerca realitzada i fer un seguiment de les campanyes publicit\u00e0ries (per exemple, el nombre de vegades que es visualitza un anunci, el lloc on apareix o l\u2019hora en qu\u00e8 es mostra).<\/p><h4 data-start=\"4374\" data-end=\"4416\">Cookies utilitzades en aquest lloc web<\/h4><p data-start=\"4418\" data-end=\"4500\">Aquest lloc web pot utilitzar, entre d\u2019altres, les seg\u00fcents categories de cookies:<\/p><ul data-start=\"4501\" data-end=\"4600\"><li data-start=\"4501\" data-end=\"4536\"><p data-start=\"4503\" data-end=\"4536\">Cookies t\u00e8cniques o necess\u00e0ries<\/p><\/li><li data-start=\"4537\" data-end=\"4558\"><p data-start=\"4539\" data-end=\"4558\">Cookies d\u2019an\u00e0lisi<\/p><\/li><li data-start=\"4559\" data-end=\"4600\"><p data-start=\"4561\" data-end=\"4600\">Cookies publicit\u00e0ries i de m\u00e0rqueting<\/p><\/li><\/ul><p data-start=\"4602\" data-end=\"4742\">La informaci\u00f3 concreta sobre cada cookie (nom, prove\u00efdor, durada i finalitat) es pot consultar mitjan\u00e7ant el gestor de cookies del lloc web.<\/p><h3 data-start=\"4744\" data-end=\"4799\">Com eliminar o configurar les cookies del navegador<\/h3><p data-start=\"4801\" data-end=\"4954\">L\u2019usuari pot permetre, bloquejar o eliminar les cookies instal\u00b7lades al seu dispositiu mitjan\u00e7ant la configuraci\u00f3 de les opcions del navegador utilitzat:<\/p><p data-start=\"4956\" data-end=\"5014\">Chrome:<br data-start=\"4963\" data-end=\"4966\" \/><a class=\"decorated-link\" href=\"https:\/\/support.google.com\/chrome\/answer\/95647\" target=\"_new\" rel=\"noopener\" data-start=\"4966\" data-end=\"5012\">https:\/\/support.google.com\/chrome\/answer\/95647<\/a><\/p><p data-start=\"5016\" data-end=\"5127\">Internet Explorer:<br data-start=\"5034\" data-end=\"5037\" \/><a class=\"decorated-link cursor-pointer\" target=\"_new\" rel=\"noopener\" data-start=\"5037\" data-end=\"5125\">https:\/\/support.microsoft.com\/help\/17442\/windows-internet-explorer-delete-manage-cookies<\/a><\/p><p data-start=\"5129\" data-end=\"5202\">Firefox:<br data-start=\"5137\" data-end=\"5140\" \/><a class=\"decorated-link cursor-pointer\" target=\"_new\" rel=\"noopener\" data-start=\"5140\" data-end=\"5200\">https:\/\/support.mozilla.org\/ca\/kb\/enable-and-disable-cookies<\/a><\/p><p data-start=\"5204\" data-end=\"5274\">Safari:<br data-start=\"5211\" data-end=\"5214\" \/><a class=\"decorated-link cursor-pointer\" target=\"_new\" rel=\"noopener\" data-start=\"5214\" data-end=\"5272\">https:\/\/support.apple.com\/ca-es\/guide\/safari\/sfri11471\/mac<\/a><\/p><p data-start=\"5276\" data-end=\"5341\">Opera:<br data-start=\"5282\" data-end=\"5285\" \/><a class=\"decorated-link\" href=\"https:\/\/www.opera.com\/help\/tutorials\/security\/privacy\/\" target=\"_new\" rel=\"noopener\" data-start=\"5285\" data-end=\"5339\">https:\/\/www.opera.com\/help\/tutorials\/security\/privacy\/<\/a><\/p><p data-start=\"5343\" data-end=\"5518\">Si el navegador no apareix a la llista anterior, es recomana consultar la documentaci\u00f3 oficial del navegador instal\u00b7lat per obtenir informaci\u00f3 sobre com gestionar les cookies.<\/p>\t\t\t\t\t\t\t\t<\/div>\n\t\t\t\t\t<\/div>\n\t\t\t\t<\/div>\n\t\t\t\t<\/div>\n\t\t","protected":false},"excerpt":{"rendered":"<p>Informaci\u00f3 general A causa de l\u2019entrada en vigor de la modificaci\u00f3 de la Llei de serveis de la societat de la informaci\u00f3 i del comer\u00e7 electr\u00f2nic (LSSICE), introdu\u00efda pel Reial decret 13\/2012, \u00e9s obligatori obtenir el consentiment expr\u00e9s de l\u2019usuari abans que navegui per aquells llocs web que utilitzen cookies prescindibles. Aquest lloc web utilitza [&hellip;]<\/p>\n","protected":false},"author":1,"featured_media":0,"parent":0,"menu_order":0,"comment_status":"closed","ping_status":"closed","template":"","meta":{"footnotes":""},"class_list":["post-949","page","type-page","status-publish","hentry"],"yoast_head":"<!-- This site is optimized with the Yoast SEO plugin v26.6 - https:\/\/yoast.com\/wordpress\/plugins\/seo\/ -->\n<title>Pol\u00edtica de cookies - La Cantina de Sitges Restaurant<\/title>\n<meta name=\"robots\" content=\"index, follow, max-snippet:-1, max-image-preview:large, max-video-preview:-1\" \/>\n<link rel=\"canonical\" href=\"https:\/\/lacantinasitges.com\/ca\/politica-de-cookies\/\" \/>\n<meta property=\"og:locale\" content=\"ca_ES\" \/>\n<meta property=\"og:type\" content=\"article\" \/>\n<meta property=\"og:title\" content=\"Pol\u00edtica de cookies - La Cantina de Sitges Restaurant\" \/>\n<meta property=\"og:description\" content=\"Informaci\u00f3 general A causa de l\u2019entrada en vigor de la modificaci\u00f3 de la Llei de serveis de la societat de la informaci\u00f3 i del comer\u00e7 electr\u00f2nic (LSSICE), introdu\u00efda pel Reial decret 13\/2012, \u00e9s obligatori obtenir el consentiment expr\u00e9s de l\u2019usuari abans que navegui per aquells llocs web que utilitzen cookies prescindibles. Aquest lloc web utilitza [&hellip;]\" \/>\n<meta property=\"og:url\" content=\"https:\/\/lacantinasitges.com\/ca\/politica-de-cookies\/\" \/>\n<meta property=\"og:site_name\" content=\"La Cantina de Sitges Restaurant\" \/>\n<meta property=\"article:modified_time\" content=\"2026-03-12T11:22:58+00:00\" \/>\n<meta name=\"twitter:card\" content=\"summary_large_image\" \/>\n<meta name=\"twitter:label1\" content=\"Temps estimat de lectura\" \/>\n\t<meta name=\"twitter:data1\" content=\"4 minuts\" \/>\n<script type=\"application\/ld+json\" class=\"yoast-schema-graph\">{\"@context\":\"https:\/\/schema.org\",\"@graph\":[{\"@type\":\"WebPage\",\"@id\":\"https:\/\/lacantinasitges.com\/ca\/politica-de-cookies\/\",\"url\":\"https:\/\/lacantinasitges.com\/ca\/politica-de-cookies\/\",\"name\":\"Pol\u00edtica de cookies - La Cantina de Sitges Restaurant\",\"isPartOf\":{\"@id\":\"https:\/\/lacantinasitges.com\/ca\/#website\"},\"datePublished\":\"2025-12-10T17:11:43+00:00\",\"dateModified\":\"2026-03-12T11:22:58+00:00\",\"breadcrumb\":{\"@id\":\"https:\/\/lacantinasitges.com\/ca\/politica-de-cookies\/#breadcrumb\"},\"inLanguage\":\"ca\",\"potentialAction\":[{\"@type\":\"ReadAction\",\"target\":[\"https:\/\/lacantinasitges.com\/ca\/politica-de-cookies\/\"]}]},{\"@type\":\"BreadcrumbList\",\"@id\":\"https:\/\/lacantinasitges.com\/ca\/politica-de-cookies\/#breadcrumb\",\"itemListElement\":[{\"@type\":\"ListItem\",\"position\":1,\"name\":\"Portada\",\"item\":\"https:\/\/lacantinasitges.com\/ca\/\"},{\"@type\":\"ListItem\",\"position\":2,\"name\":\"Pol\u00edtica de cookies\"}]},{\"@type\":\"WebSite\",\"@id\":\"https:\/\/lacantinasitges.com\/ca\/#website\",\"url\":\"https:\/\/lacantinasitges.com\/ca\/\",\"name\":\"La Cantina de Sitges Restaurant\",\"description\":\"\",\"publisher\":{\"@id\":\"https:\/\/lacantinasitges.com\/ca\/#organization\"},\"potentialAction\":[{\"@type\":\"SearchAction\",\"target\":{\"@type\":\"EntryPoint\",\"urlTemplate\":\"https:\/\/lacantinasitges.com\/ca\/?s={search_term_string}\"},\"query-input\":{\"@type\":\"PropertyValueSpecification\",\"valueRequired\":true,\"valueName\":\"search_term_string\"}}],\"inLanguage\":\"ca\"},{\"@type\":\"Organization\",\"@id\":\"https:\/\/lacantinasitges.com\/ca\/#organization\",\"name\":\"La Cantina de Sitges Restaurant\",\"url\":\"https:\/\/lacantinasitges.com\/ca\/\",\"logo\":{\"@type\":\"ImageObject\",\"inLanguage\":\"ca\",\"@id\":\"https:\/\/lacantinasitges.com\/ca\/#\/schema\/logo\/image\/\",\"url\":\"https:\/\/lacantinasitges.com\/wp-content\/uploads\/2025\/12\/logo.png\",\"contentUrl\":\"https:\/\/lacantinasitges.com\/wp-content\/uploads\/2025\/12\/logo.png\",\"width\":404,\"height\":45,\"caption\":\"La Cantina de Sitges Restaurant\"},\"image\":{\"@id\":\"https:\/\/lacantinasitges.com\/ca\/#\/schema\/logo\/image\/\"},\"sameAs\":[\"https:\/\/www.instagram.com\/lacantinadesitges\/\"]}]}<\/script>\n<!-- \/ Yoast SEO plugin. -->","yoast_head_json":{"title":"Pol\u00edtica de cookies - La Cantina de Sitges Restaurant","robots":{"index":"index","follow":"follow","max-snippet":"max-snippet:-1","max-image-preview":"max-image-preview:large","max-video-preview":"max-video-preview:-1"},"canonical":"https:\/\/lacantinasitges.com\/ca\/politica-de-cookies\/","og_locale":"ca_ES","og_type":"article","og_title":"Pol\u00edtica de cookies - La Cantina de Sitges Restaurant","og_description":"Informaci\u00f3 general A causa de l\u2019entrada en vigor de la modificaci\u00f3 de la Llei de serveis de la societat de la informaci\u00f3 i del comer\u00e7 electr\u00f2nic (LSSICE), introdu\u00efda pel Reial decret 13\/2012, \u00e9s obligatori obtenir el consentiment expr\u00e9s de l\u2019usuari abans que navegui per aquells llocs web que utilitzen cookies prescindibles. Aquest lloc web utilitza [&hellip;]","og_url":"https:\/\/lacantinasitges.com\/ca\/politica-de-cookies\/","og_site_name":"La Cantina de Sitges Restaurant","article_modified_time":"2026-03-12T11:22:58+00:00","twitter_card":"summary_large_image","twitter_misc":{"Temps estimat de lectura":"4 minuts"},"schema":{"@context":"https:\/\/schema.org","@graph":[{"@type":"WebPage","@id":"https:\/\/lacantinasitges.com\/ca\/politica-de-cookies\/","url":"https:\/\/lacantinasitges.com\/ca\/politica-de-cookies\/","name":"Pol\u00edtica de cookies - La Cantina de Sitges Restaurant","isPartOf":{"@id":"https:\/\/lacantinasitges.com\/ca\/#website"},"datePublished":"2025-12-10T17:11:43+00:00","dateModified":"2026-03-12T11:22:58+00:00","breadcrumb":{"@id":"https:\/\/lacantinasitges.com\/ca\/politica-de-cookies\/#breadcrumb"},"inLanguage":"ca","potentialAction":[{"@type":"ReadAction","target":["https:\/\/lacantinasitges.com\/ca\/politica-de-cookies\/"]}]},{"@type":"BreadcrumbList","@id":"https:\/\/lacantinasitges.com\/ca\/politica-de-cookies\/#breadcrumb","itemListElement":[{"@type":"ListItem","position":1,"name":"Portada","item":"https:\/\/lacantinasitges.com\/ca\/"},{"@type":"ListItem","position":2,"name":"Pol\u00edtica de cookies"}]},{"@type":"WebSite","@id":"https:\/\/lacantinasitges.com\/ca\/#website","url":"https:\/\/lacantinasitges.com\/ca\/","name":"La Cantina de Sitges Restaurant","description":"","publisher":{"@id":"https:\/\/lacantinasitges.com\/ca\/#organization"},"potentialAction":[{"@type":"SearchAction","target":{"@type":"EntryPoint","urlTemplate":"https:\/\/lacantinasitges.com\/ca\/?s={search_term_string}"},"query-input":{"@type":"PropertyValueSpecification","valueRequired":true,"valueName":"search_term_string"}}],"inLanguage":"ca"},{"@type":"Organization","@id":"https:\/\/lacantinasitges.com\/ca\/#organization","name":"La Cantina de Sitges Restaurant","url":"https:\/\/lacantinasitges.com\/ca\/","logo":{"@type":"ImageObject","inLanguage":"ca","@id":"https:\/\/lacantinasitges.com\/ca\/#\/schema\/logo\/image\/","url":"https:\/\/lacantinasitges.com\/wp-content\/uploads\/2025\/12\/logo.png","contentUrl":"https:\/\/lacantinasitges.com\/wp-content\/uploads\/2025\/12\/logo.png","width":404,"height":45,"caption":"La Cantina de Sitges Restaurant"},"image":{"@id":"https:\/\/lacantinasitges.com\/ca\/#\/schema\/logo\/image\/"},"sameAs":["https:\/\/www.instagram.com\/lacantinadesitges\/"]}]}},"_links":{"self":[{"href":"https:\/\/lacantinasitges.com\/ca\/wp-json\/wp\/v2\/pages\/949","targetHints":{"allow":["GET"]}}],"collection":[{"href":"https:\/\/lacantinasitges.com\/ca\/wp-json\/wp\/v2\/pages"}],"about":[{"href":"https:\/\/lacantinasitges.com\/ca\/wp-json\/wp\/v2\/types\/page"}],"author":[{"embeddable":true,"href":"https:\/\/lacantinasitges.com\/ca\/wp-json\/wp\/v2\/users\/1"}],"replies":[{"embeddable":true,"href":"https:\/\/lacantinasitges.com\/ca\/wp-json\/wp\/v2\/comments?post=949"}],"version-history":[{"count":5,"href":"https:\/\/lacantinasitges.com\/ca\/wp-json\/wp\/v2\/pages\/949\/revisions"}],"predecessor-version":[{"id":1133,"href":"https:\/\/lacantinasitges.com\/ca\/wp-json\/wp\/v2\/pages\/949\/revisions\/1133"}],"wp:attachment":[{"href":"https:\/\/lacantinasitges.com\/ca\/wp-json\/wp\/v2\/media?parent=949"}],"curies":[{"name":"wp","href":"https:\/\/api.w.org\/{rel}","templated":true}]}}